{"id":2144,"date":"2018-08-25T20:51:44","date_gmt":"2018-08-26T01:51:44","guid":{"rendered":"https:\/\/ron-henry.com\/informacion-de-contacto-y-politica-de-privacidad\/"},"modified":"2018-08-31T07:28:44","modified_gmt":"2018-08-31T12:28:44","slug":"informacion-de-contacto-y-politica-de-privacidad","status":"publish","type":"page","link":"https:\/\/ron-henry.com\/es\/informacion-de-contacto-y-politica-de-privacidad\/","title":{"rendered":"Informaci\u00f3n de Contacto y Pol\u00edtica de Privacidad"},"content":{"rendered":"\t\t<div data-elementor-type=\"wp-post\" data-elementor-id=\"2144\" class=\"elementor elementor-2144 elementor-22 elementor-bc-flex-widget\" data-elementor-post-type=\"page\">\n\t\t\t\t\t\t<section class=\"elementor-section elementor-top-section elementor-element elementor-element-350d71f elementor-section-boxed elementor-section-height-default elementor-section-height-default\" data-id=\"350d71f\" data-element_type=\"section\">\n\t\t\t\t\t\t<div class=\"elementor-container elementor-column-gap-default\">\n\t\t\t\t\t<div class=\"elementor-column elementor-col-100 elementor-top-column elementor-element elementor-element-6fff6d6\" data-id=\"6fff6d6\" data-element_type=\"column\">\n\t\t\t<div class=\"elementor-widget-wrap elementor-element-populated\">\n\t\t\t\t\t\t<div class=\"elementor-element elementor-element-d6a8cc6 elementor-widget elementor-widget-text-editor\" data-id=\"d6a8cc6\" data-element_type=\"widget\" data-widget_type=\"text-editor.default\">\n\t\t\t\t<div class=\"elementor-widget-container\">\n\t\t\t\t\t\t\t\t\t<h1>Datos de contacto<\/h1><p><strong>Correo electr\u00f3nico: ron@ron-henry.com<\/strong><\/p>\t\t\t\t\t\t\t\t<\/div>\n\t\t\t\t<\/div>\n\t\t\t\t<div class=\"elementor-element elementor-element-ada0571 elementor-widget-divider--view-line elementor-widget elementor-widget-divider\" data-id=\"ada0571\" data-element_type=\"widget\" data-widget_type=\"divider.default\">\n\t\t\t\t<div class=\"elementor-widget-container\">\n\t\t\t\t\t\t\t<div class=\"elementor-divider\">\n\t\t\t<span class=\"elementor-divider-separator\">\n\t\t\t\t\t\t<\/span>\n\t\t<\/div>\n\t\t\t\t\t\t<\/div>\n\t\t\t\t<\/div>\n\t\t\t\t\t<\/div>\n\t\t<\/div>\n\t\t\t\t\t<\/div>\n\t\t<\/section>\n\t\t\t\t<section class=\"elementor-section elementor-top-section elementor-element elementor-element-c704018 elementor-section-boxed elementor-section-height-default elementor-section-height-default\" data-id=\"c704018\" data-element_type=\"section\">\n\t\t\t\t\t\t<div class=\"elementor-container elementor-column-gap-default\">\n\t\t\t\t\t<div class=\"elementor-column elementor-col-33 elementor-top-column elementor-element elementor-element-bf845ed\" data-id=\"bf845ed\" data-element_type=\"column\">\n\t\t\t<div class=\"elementor-widget-wrap elementor-element-populated\">\n\t\t\t\t\t\t<div class=\"elementor-element elementor-element-01c569c elementor-widget elementor-widget-heading\" data-id=\"01c569c\" data-element_type=\"widget\" data-widget_type=\"heading.default\">\n\t\t\t\t<div class=\"elementor-widget-container\">\n\t\t\t\t\t<h1 class=\"elementor-heading-title elementor-size-default\"> Divulgaci\u00f3n de afiliados<\/h1>\t\t\t\t<\/div>\n\t\t\t\t<\/div>\n\t\t\t\t<div class=\"elementor-element elementor-element-5223f45 elementor-widget elementor-widget-text-editor\" data-id=\"5223f45\" data-element_type=\"widget\" data-widget_type=\"text-editor.default\">\n\t\t\t\t<div class=\"elementor-widget-container\">\n\t\t\t\t\t\t\t\t\t<p><strong>HEADS UP<\/strong>: \u00a1Mis publicaciones pueden contener enlaces de afiliados! Si compras algo a trav\u00e9s de uno de esos enlaces, <strong>no pagar\u00e1s un centavo m\u00e1s<\/strong>, pero obtendremos una peque\u00f1a comisi\u00f3n, lo que ayuda a mantener las luces encendidas.<\/p>\n\t\t\t\t\t\t\t\t<\/div>\n\t\t\t\t<\/div>\n\t\t\t\t\t<\/div>\n\t\t<\/div>\n\t\t\t\t<div class=\"elementor-column elementor-col-33 elementor-top-column elementor-element elementor-element-ce3c5ed\" data-id=\"ce3c5ed\" data-element_type=\"column\">\n\t\t\t<div class=\"elementor-widget-wrap elementor-element-populated\">\n\t\t\t\t\t\t<div class=\"elementor-element elementor-element-f2ca98a elementor-widget elementor-widget-image\" data-id=\"f2ca98a\" data-element_type=\"widget\" data-widget_type=\"image.default\">\n\t\t\t\t<div class=\"elementor-widget-container\">\n\t\t\t\t\t\t\t\t\t\t\t\t\t\t\t<img fetchpriority=\"high\" decoding=\"async\" width=\"490\" height=\"205\" src=\"https:\/\/ron-henry.com\/wp-content\/uploads\/2018\/08\/amazonaffiliate.jpg\" class=\"attachment-large size-large wp-image-1912\" alt=\"Amazon Affiliate\" srcset=\"https:\/\/ron-henry.com\/wp-content\/uploads\/2018\/08\/amazonaffiliate.jpg 490w, https:\/\/ron-henry.com\/wp-content\/uploads\/2018\/08\/amazonaffiliate-300x126.jpg 300w\" sizes=\"(max-width: 490px) 100vw, 490px\" \/>\t\t\t\t\t\t\t\t\t\t\t\t\t\t\t<\/div>\n\t\t\t\t<\/div>\n\t\t\t\t\t<\/div>\n\t\t<\/div>\n\t\t\t\t<div class=\"elementor-column elementor-col-33 elementor-top-column elementor-element elementor-element-d5b30bb\" data-id=\"d5b30bb\" data-element_type=\"column\">\n\t\t\t<div class=\"elementor-widget-wrap\">\n\t\t\t\t\t\t\t<\/div>\n\t\t<\/div>\n\t\t\t\t\t<\/div>\n\t\t<\/section>\n\t\t\t\t<section class=\"elementor-section elementor-top-section elementor-element elementor-element-761b7fa elementor-section-boxed elementor-section-height-default elementor-section-height-default\" data-id=\"761b7fa\" data-element_type=\"section\">\n\t\t\t\t\t\t<div class=\"elementor-container elementor-column-gap-default\">\n\t\t\t\t\t<div class=\"elementor-column elementor-col-100 elementor-top-column elementor-element elementor-element-c970194\" data-id=\"c970194\" data-element_type=\"column\">\n\t\t\t<div class=\"elementor-widget-wrap elementor-element-populated\">\n\t\t\t\t\t\t<div class=\"elementor-element elementor-element-5e640a7 elementor-widget-divider--view-line elementor-widget elementor-widget-divider\" data-id=\"5e640a7\" data-element_type=\"widget\" data-widget_type=\"divider.default\">\n\t\t\t\t<div class=\"elementor-widget-container\">\n\t\t\t\t\t\t\t<div class=\"elementor-divider\">\n\t\t\t<span class=\"elementor-divider-separator\">\n\t\t\t\t\t\t<\/span>\n\t\t<\/div>\n\t\t\t\t\t\t<\/div>\n\t\t\t\t<\/div>\n\t\t\t\t<div class=\"elementor-element elementor-element-48176d4 elementor-widget elementor-widget-html\" data-id=\"48176d4\" data-element_type=\"widget\" data-widget_type=\"html.default\">\n\t\t\t\t<div class=\"elementor-widget-container\">\n\t\t\t\t\t<h1>Pol\u00edtica de privacidad<\/h1>\n<p>Fecha de vigencia: 15 de julio de 2018<\/p>\n<p>Ron Henry (\"nosotros\", \"nosotros\" o \"nuestro\") opera el sitio web https:\/\/ron-henry.com (el \"Servicio\").<\/p>\n<p>Esta p\u00e1gina le informa sobre nuestras pol\u00edticas con respecto a la recopilaci\u00f3n, el uso y la divulgaci\u00f3n de datos personales cuando utiliza nuestro Servicio y las elecciones que ha asociado con esos datos. Esta Pol\u00edtica de privacidad de Ron Henry est\u00e1 desarrollada por PrivacyPolicies.com.<\/p>\n<p>Usamos sus datos para proporcionar y mejorar el Servicio. Al utilizar el Servicio, usted acepta la recopilaci\u00f3n y el uso de la informaci\u00f3n de acuerdo con esta pol\u00edtica. A menos que se defina lo contrario en esta Pol\u00edtica de privacidad, los t\u00e9rminos utilizados en esta Pol\u00edtica de privacidad tienen los mismos significados que en nuestros T\u00e9rminos y condiciones, accesibles desde https:\/\/ron-henry.com<\/p>\n<p>Recopilaci\u00f3n y uso de informaci\u00f3n<br \/>\nRecopilamos varios tipos diferentes de informaci\u00f3n para diversos fines para proporcionarle y mejorar nuestro Servicio.<\/p>\n<p>Tipos de datos recopilados<br \/>\nInformaci\u00f3n personal<br \/>\nAl utilizar nuestro Servicio, podemos solicitarle que nos proporcione cierta informaci\u00f3n de identificaci\u00f3n personal que pueda usarse para contactarlo o identificarlo (\"Datos personales\"). La informaci\u00f3n de identificaci\u00f3n personal puede incluir, pero no est\u00e1 limitada a:<\/p>\n<p>Direcci\u00f3n de correo electr\u00f3nico<br \/>\nNombre y apellido<br \/>\nCookies y datos de uso<br \/>\nDatos de uso<br \/>\nTambi\u00e9n podemos recopilar informaci\u00f3n sobre c\u00f3mo se accede y utiliza el Servicio (\"Datos de uso\"). Estos datos de uso pueden incluir informaci\u00f3n como la direcci\u00f3n del Protocolo de Internet de su computadora (por ejemplo, direcci\u00f3n IP), tipo de navegador, versi\u00f3n del navegador, las p\u00e1ginas de nuestro Servicio que visita, la hora y fecha de su visita, el tiempo dedicado a esas p\u00e1ginas, identificadores de dispositivo y otros datos de diagn\u00f3stico.<\/p>\n<p>Datos de seguimiento y cookies<br \/>\nUsamos cookies y tecnolog\u00edas de seguimiento similares para rastrear la actividad en nuestro Servicio y mantener cierta informaci\u00f3n.<\/p>\n<p>Las cookies son archivos con poca cantidad de datos que pueden incluir un identificador \u00fanico an\u00f3nimo. Las cookies se env\u00edan a su navegador desde un sitio web y se almacenan en su dispositivo. Las tecnolog\u00edas de seguimiento tambi\u00e9n se utilizan balizas, etiquetas y scripts para recopilar y rastrear informaci\u00f3n y para mejorar y analizar nuestro Servicio.<\/p>\n<p>Puede indicar a su navegador que rechace todas las cookies o que indique cu\u00e1ndo se env\u00eda una cookie. Sin embargo, si no acepta las cookies, es posible que no pueda usar algunas partes de nuestro Servicio.<\/p>\n<p>Ejemplos de cookies que utilizamos:<\/p>\n<p>Cookies de sesi\u00f3n. Usamos cookies de sesi\u00f3n para operar nuestro servicio.<br \/>\nCookies de preferencia. Usamos cookies de preferencia para recordar sus preferencias y varias configuraciones.<br \/>\nCookies de seguridad. Usamos cookies de seguridad por razones de seguridad.<br \/>\nUso de datos<br \/>\nRon Henry usa los datos recopilados para diversos fines:<\/p>\n<p>Para proporcionar y mantener el Servicio<br \/>\nPara notificarle sobre cambios a nuestro Servicio<br \/>\nPara permitirle participar en funciones interactivas de nuestro Servicio cuando elige hacerlo<br \/>\nPara proporcionar atenci\u00f3n al cliente y asistencia<br \/>\nPara proporcionar an\u00e1lisis o informaci\u00f3n valiosa para que podamos mejorar el Servicio<br \/>\nPara controlar el uso del Servicio<br \/>\nPara detectar, prevenir y abordar problemas t\u00e9cnicos<br \/>\nTransferencia de datos<br \/>\nSu informaci\u00f3n, incluidos los Datos personales, puede transferirse a computadoras ubicadas fuera de su estado, provincia, pa\u00eds u otra jurisdicci\u00f3n gubernamental donde las leyes de protecci\u00f3n de datos pueden diferir de las de su jurisdicci\u00f3n.<\/p>\n<p>Si se encuentra fuera de los Estados Unidos y elige proporcionarnos informaci\u00f3n, tenga en cuenta que transferimos los datos, incluidos los Datos personales, a los Estados Unidos y los procesamos all\u00ed.<\/p>\n<p>Su consentimiento a esta Pol\u00edtica de privacidad seguida de su env\u00edo de dicha informaci\u00f3n representa su aceptaci\u00f3n de dicha transferencia.<\/p>\n<p>Ron Henry tomar\u00e1 todas las medidas razonablemente necesarias para garantizar que sus datos son tratados de forma segura y de acuerdo con esta Pol\u00edtica de Privacidad y no hay transferencia de sus datos personales se llevar\u00e1 a cabo a una organizaci\u00f3n o un pa\u00eds a menos que existan controles adecuados en el lugar, incluyendo la seguridad de sus datos y otra informaci\u00f3n personal.<\/p>\n<p>Divulgaci\u00f3n de datos<\/p>\n<p>Requerimientos legales<br \/>\nRon Henry puede divulgar sus datos personales con la creencia de buena fe de que dicha acci\u00f3n es necesaria para:<\/p>\n<p>Para cumplir con una obligaci\u00f3n legal<br \/>\nPara proteger y defender los derechos o la propiedad de Ron Henry<br \/>\nPara prevenir o investigar posibles errores en relaci\u00f3n con el Servicio<br \/>\nPara proteger la seguridad personal de los usuarios del Servicio o del p\u00fablico<br \/>\nPara proteger contra la responsabilidad legal<br \/>\nSeguridad de datos<br \/>\nLa seguridad de sus datos es importante para nosotros, pero recuerde que ning\u00fan m\u00e9todo de transmisi\u00f3n a trav\u00e9s de Internet o m\u00e9todo de almacenamiento electr\u00f3nico es 100% seguro. Si bien nos esforzamos por utilizar medios comercialmente aceptables para proteger sus Datos personales, no podemos garantizar su seguridad absoluta.<\/p>\n<p>Proveedores de servicio<br \/>\nPodemos emplear empresas e individuos terceros para facilitar nuestro Servicio (\"Proveedores de servicios\"), para proporcionar el Servicio en nuestro nombre, para realizar servicios relacionados con el Servicio o para ayudarnos a analizar c\u00f3mo se utiliza nuestro Servicio.<\/p>\n<p>Estos terceros tienen acceso a sus Datos personales solo para realizar estas tareas en nuestro nombre y est\u00e1n obligados a no divulgarlos ni utilizarlos para ning\u00fan otro fin.<\/p>\n<p>Anal\u00edtica<br \/>\nPodemos utilizar proveedores de servicios externos para supervisar y analizar el uso de nuestro servicio.<\/p>\n<p>Google analitico<\/p>\n<p>Google Analytics es un servicio de an\u00e1lisis web ofrecido por Google que rastrea e informa el tr\u00e1fico del sitio web. Google usa los datos recopilados para rastrear y monitorear el uso de nuestro Servicio. Esta informaci\u00f3n se comparte con otros servicios de Google. Google puede usar los datos recopilados para contextualizar y personalizar los anuncios de su propia red publicitaria.<\/p>\n<p>Puede optar por no permitir que su actividad en el Servicio est\u00e9 disponible para Google Analytics mediante la instalaci\u00f3n del complemento del navegador opt-out de Google Analytics. El complemento impide que el JavaScript de Google Analytics (ga.js, analytics.js y dc.js) comparta informaci\u00f3n con Google Analytics sobre la actividad de las visitas.<\/p>\n<p>Para obtener m\u00e1s informaci\u00f3n sobre las pr\u00e1cticas de privacidad de Google, visite la p\u00e1gina web de privacidad y t\u00e9rminos de Google: https:\/\/policies.google.com\/privacy?hl=es<\/p>\n<p>Enlaces a otros sitios<br \/>\nNuestro Servicio puede contener enlaces a otros sitios que no somos operados por nosotros. Si hace clic en un enlace de un tercero, se lo dirigir\u00e1 al sitio de ese tercero. Le recomendamos encarecidamente que revise la Pol\u00edtica de privacidad de cada sitio que visite.<\/p>\n<p>No tenemos control ni asumimos ninguna responsabilidad por el contenido, las pol\u00edticas de privacidad o las pr\u00e1cticas de sitios o servicios de terceros.<\/p>\n<p>Privacidad de los ni\u00f1os<br \/>\nNuestro Servicio no se dirige a ninguna persona menor de 18 a\u00f1os (\"Ni\u00f1os\").<\/p>\n<p>No recopilamos a sabiendas informaci\u00f3n de identificaci\u00f3n personal de ninguna persona menor de 18 a\u00f1os. Si usted es un padre o tutor y sabe que sus hijos nos han proporcionado datos personales, cont\u00e1ctenos. Si tomamos conocimiento de que hemos recopilado Datos personales de ni\u00f1os sin verificaci\u00f3n del consentimiento de los padres, tomamos medidas para eliminar esa informaci\u00f3n de nuestros servidores.<\/p>\n<p>Cambios a esta pol\u00edtica de privacidad<br \/>\nEs posible que actualicemos nuestra Pol\u00edtica de privacidad de vez en cuando. Le notificaremos de cualquier cambio publicando la nueva Pol\u00edtica de Privacidad en esta p\u00e1gina.<\/p>\n<p>Le avisaremos por correo electr\u00f3nico y \/ o un aviso destacado en nuestro Servicio, antes de que el cambio entre en vigor y actualizaremos la \"fecha de entrada en vigencia\" en la parte superior de esta Pol\u00edtica de privacidad.<\/p>\n<p>Se le recomienda revisar esta Pol\u00edtica de privacidad peri\u00f3dicamente para cualquier cambio. Los cambios a esta Pol\u00edtica de privacidad son efectivos cuando se publican en esta p\u00e1gina.<\/p>\n<p>Cont\u00e1ctenos<br \/>\nSi tiene alguna pregunta sobre esta Pol\u00edtica de privacidad, cont\u00e1ctenos:<\/p>\n<p>Por correo electr\u00f3nico: ron@ron-henry.com<br \/>\nAl visitar esta p\u00e1gina en nuestro sitio web: https:\/\/ron-henry.com\/es\/contact-and-privacy\/<\/p>\n\t\t\t\t<\/div>\n\t\t\t\t<\/div>\n\t\t\t\t\t<\/div>\n\t\t<\/div>\n\t\t\t\t\t<\/div>\n\t\t<\/section>\n\t\t\t\t<\/div>\n\t\t","protected":false},"excerpt":{"rendered":"<p><span class=\"span-reading-time rt-reading-time\" style=\"display: block;\"><span class=\"rt-label rt-prefix\"><\/span> <span class=\"rt-time\"> 6<\/span> <span class=\"rt-label rt-postfix\">Minute Read<\/span><\/span>Datos de contacto Correo electr\u00f3nico: ron@ron-henry.com Divulgaci\u00f3n de afiliados HEADS UP: \u00a1Mis publicaciones pueden contener enlaces de afiliados! Si compras algo a trav\u00e9s de uno de esos enlaces, no pagar\u00e1s un centavo m\u00e1s, pero obtendremos una peque\u00f1a comisi\u00f3n, lo que ayuda a mantener las luces encendidas. Pol\u00edtica de privacidad Fecha de vigencia: 15 de julio [&hellip;]<\/p>\n","protected":false},"author":2,"featured_media":0,"parent":0,"menu_order":0,"comment_status":"closed","ping_status":"closed","template":"","meta":{"ocean_post_layout":"full-screen","ocean_both_sidebars_style":"","ocean_both_sidebars_content_width":0,"ocean_both_sidebars_sidebars_width":0,"ocean_sidebar":"0","ocean_second_sidebar":"0","ocean_disable_margins":"enable","ocean_add_body_class":"","ocean_shortcode_before_top_bar":"","ocean_shortcode_after_top_bar":"","ocean_shortcode_before_header":"","ocean_shortcode_after_header":"","ocean_has_shortcode":"","ocean_shortcode_after_title":"","ocean_shortcode_before_footer_widgets":"","ocean_shortcode_after_footer_widgets":"","ocean_shortcode_before_footer_bottom":"","ocean_shortcode_after_footer_bottom":"","ocean_display_top_bar":"default","ocean_display_header":"default","ocean_header_style":"","ocean_center_header_left_menu":"0","ocean_custom_header_template":"0","ocean_custom_logo":0,"ocean_custom_retina_logo":0,"ocean_custom_logo_max_width":0,"ocean_custom_logo_tablet_max_width":0,"ocean_custom_logo_mobile_max_width":0,"ocean_custom_logo_max_height":0,"ocean_custom_logo_tablet_max_height":0,"ocean_custom_logo_mobile_max_height":0,"ocean_header_custom_menu":"0","ocean_menu_typo_font_family":"0","ocean_menu_typo_font_subset":"","ocean_menu_typo_font_size":0,"ocean_menu_typo_font_size_tablet":0,"ocean_menu_typo_font_size_mobile":0,"ocean_menu_typo_font_size_unit":"px","ocean_menu_typo_font_weight":"","ocean_menu_typo_font_weight_tablet":"","ocean_menu_typo_font_weight_mobile":"","ocean_menu_typo_transform":"","ocean_menu_typo_transform_tablet":"","ocean_menu_typo_transform_mobile":"","ocean_menu_typo_line_height":0,"ocean_menu_typo_line_height_tablet":0,"ocean_menu_typo_line_height_mobile":0,"ocean_menu_typo_line_height_unit":"","ocean_menu_typo_spacing":0,"ocean_menu_typo_spacing_tablet":0,"ocean_menu_typo_spacing_mobile":0,"ocean_menu_typo_spacing_unit":"","ocean_menu_link_color":"","ocean_menu_link_color_hover":"","ocean_menu_link_color_active":"","ocean_menu_link_background":"","ocean_menu_link_hover_background":"","ocean_menu_link_active_background":"","ocean_menu_social_links_bg":"","ocean_menu_social_hover_links_bg":"","ocean_menu_social_links_color":"","ocean_menu_social_hover_links_color":"","ocean_disable_title":"on","ocean_disable_heading":"default","ocean_post_title":"","ocean_post_subheading":"","ocean_post_title_style":"","ocean_post_title_background_color":"","ocean_post_title_background":0,"ocean_post_title_bg_image_position":"","ocean_post_title_bg_image_attachment":"","ocean_post_title_bg_image_repeat":"","ocean_post_title_bg_image_size":"","ocean_post_title_height":0,"ocean_post_title_bg_overlay":0.5,"ocean_post_title_bg_overlay_color":"","ocean_disable_breadcrumbs":"default","ocean_breadcrumbs_color":"","ocean_breadcrumbs_separator_color":"","ocean_breadcrumbs_links_color":"","ocean_breadcrumbs_links_hover_color":"","ocean_display_footer_widgets":"default","ocean_display_footer_bottom":"default","ocean_custom_footer_template":"0","footnotes":""},"yst_prominent_words":[656,659,649,647,643,657,648,655,654,646,642,640,650,653,651,644,645,641,652,658],"class_list":["post-2144","page","type-page","status-publish","hentry","entry"],"amp_enabled":true,"_links":{"self":[{"href":"https:\/\/ron-henry.com\/es\/wp-json\/wp\/v2\/pages\/2144","targetHints":{"allow":["GET"]}}],"collection":[{"href":"https:\/\/ron-henry.com\/es\/wp-json\/wp\/v2\/pages"}],"about":[{"href":"https:\/\/ron-henry.com\/es\/wp-json\/wp\/v2\/types\/page"}],"author":[{"embeddable":true,"href":"https:\/\/ron-henry.com\/es\/wp-json\/wp\/v2\/users\/2"}],"replies":[{"embeddable":true,"href":"https:\/\/ron-henry.com\/es\/wp-json\/wp\/v2\/comments?post=2144"}],"version-history":[{"count":0,"href":"https:\/\/ron-henry.com\/es\/wp-json\/wp\/v2\/pages\/2144\/revisions"}],"wp:attachment":[{"href":"https:\/\/ron-henry.com\/es\/wp-json\/wp\/v2\/media?parent=2144"}],"wp:term":[{"taxonomy":"yst_prominent_words","embeddable":true,"href":"https:\/\/ron-henry.com\/es\/wp-json\/wp\/v2\/yst_prominent_words?post=2144"}],"curies":[{"name":"wp","href":"https:\/\/api.w.org\/{rel}","templated":true}]}}